{"id":7671,"date":"2022-06-03T11:44:17","date_gmt":"2022-06-03T17:44:17","guid":{"rendered":"http:\/\/cedipartnerships.ca\/?page_id=7671"},"modified":"2026-04-14T09:37:19","modified_gmt":"2026-04-14T15:37:19","slug":"termes-et-conditions","status":"publish","type":"page","link":"https:\/\/www.cedipartnerships.ca\/fr\/termes-et-conditions\/","title":{"rendered":"Conditions g\u00e9n\u00e9rales"},"content":{"rendered":"\t\t<div data-elementor-type=\"wp-page\" data-elementor-id=\"7671\" class=\"elementor elementor-7671 elementor-5174\" data-elementor-post-type=\"page\">\n\t\t\t\t\t\t<section class=\"elementor-section elementor-top-section elementor-element elementor-element-6744281 elementor-section-height-min-height elementor-section-stretched cl-section elementor-section-boxed elementor-section-height-default elementor-section-items-middle\" data-id=\"6744281\" data-element_type=\"section\" data-e-type=\"section\" data-settings=\"{&quot;stretch_section&quot;:&quot;section-stretched&quot;,&quot;background_background&quot;:&quot;classic&quot;}\">\n\t\t\t\t\t\t\t<div class=\"elementor-background-overlay\"><\/div>\n\t\t\t\t\t\t\t<div class=\"elementor-container elementor-column-gap-default\">\n\t\t\t\t\t<div class=\"elementor-column elementor-col-100 elementor-top-column elementor-element elementor-element-41e7f2b\" data-id=\"41e7f2b\" data-element_type=\"column\" data-e-type=\"column\">\n\t\t\t<div class=\"elementor-widget-wrap elementor-element-populated\">\n\t\t\t\t\t\t<div class=\"elementor-element elementor-element-9c1a85c elementor-widget elementor-widget-heading\" data-id=\"9c1a85c\" data-element_type=\"widget\" data-e-type=\"widget\" data-widget_type=\"heading.default\">\n\t\t\t\t<div class=\"elementor-widget-container\">\n\t\t\t\t\t<h1 class=\"elementor-heading-title elementor-size-default\">Conditions g\u00e9n\u00e9rales<\/h1>\t\t\t\t<\/div>\n\t\t\t\t<\/div>\n\t\t\t\t\t<\/div>\n\t\t<\/div>\n\t\t\t\t\t<\/div>\n\t\t<\/section>\n\t\t\t\t<section class=\"elementor-section elementor-top-section elementor-element elementor-element-68f9951 elementor-section-stretched cl-section elementor-section-boxed elementor-section-height-default elementor-section-height-default\" data-id=\"68f9951\" data-element_type=\"section\" data-e-type=\"section\" data-settings=\"{&quot;stretch_section&quot;:&quot;section-stretched&quot;,&quot;background_background&quot;:&quot;classic&quot;}\">\n\t\t\t\t\t\t<div class=\"elementor-container elementor-column-gap-default\">\n\t\t\t\t\t<div class=\"elementor-column elementor-col-100 elementor-top-column elementor-element elementor-element-8296d62\" data-id=\"8296d62\" data-element_type=\"column\" data-e-type=\"column\">\n\t\t\t<div class=\"elementor-widget-wrap elementor-element-populated\">\n\t\t\t\t\t\t<div class=\"elementor-element elementor-element-85d3323 elementor-widget elementor-widget-heading\" data-id=\"85d3323\" data-element_type=\"widget\" data-e-type=\"widget\" data-widget_type=\"heading.default\">\n\t\t\t\t<div class=\"elementor-widget-container\">\n\t\t\t\t\t<h2 class=\"elementor-heading-title elementor-size-default\">Bienvenue sur CEDI !<\/h2>\t\t\t\t<\/div>\n\t\t\t\t<\/div>\n\t\t\t\t<div class=\"elementor-element elementor-element-a71bb9f elementor-widget elementor-widget-text-editor\" data-id=\"a71bb9f\" data-element_type=\"widget\" data-e-type=\"widget\" data-widget_type=\"text-editor.default\">\n\t\t\t\t<div class=\"elementor-widget-container\">\n\t\t\t\t\t\t\t\t\t<p>Les pr\u00e9sentes conditions g\u00e9n\u00e9rales d\u00e9finissent les r\u00e8gles et r\u00e8glements r\u00e9gissant l\u2019utilisation du site web de l\u2019Initiative de d\u00e9veloppement \u00e9conomique communautaire entre les Premi\u00e8res Nations et les municipalit\u00e9s (CEDI), accessible \u00e0 l\u2019adresse cedipartnerships.ca.<\/p><p>En acc\u00e9dant \u00e0 ce site web, nous pr\u00e9sumons que vous acceptez les pr\u00e9sentes conditions g\u00e9n\u00e9rales. Ne continuez pas \u00e0 utiliser CEDI si vous n\u2019acceptez pas l\u2019ensemble des conditions g\u00e9n\u00e9rales \u00e9nonc\u00e9es sur cette page. <\/p><p>La terminologie suivante s\u2019applique aux pr\u00e9sentes conditions g\u00e9n\u00e9rales, \u00e0 la D\u00e9claration de confidentialit\u00e9 et \u00e0 l\u2019Avis de non-responsabilit\u00e9, ainsi qu\u2019\u00e0 l\u2019ensemble des accords : \u00ab Client \u00bb, \u00ab Vous \u00bb et \u00ab Votre \u00bb d\u00e9signent vous, la personne qui se connecte \u00e0 ce site web et qui respecte les conditions g\u00e9n\u00e9rales de la Soci\u00e9t\u00e9. \u00ab La Soci\u00e9t\u00e9 \u00bb, \u00ab Nous \u00bb, \u00ab Notre \u00bb et \u00ab Nos \u00bb d\u00e9signent notre Soci\u00e9t\u00e9. \u00ab Partie \u00bb, \u00ab Parties \u00bb ou \u00ab Nous \u00bb d\u00e9signent \u00e0 la fois le Client et nous-m\u00eames. Tous les termes se rapportent \u00e0 l\u2019offre, \u00e0 l\u2019acceptation et \u00e0 la contrepartie du paiement n\u00e9cessaires \u00e0 la mise en \u0153uvre du processus d\u2019assistance au Client de la mani\u00e8re la plus appropri\u00e9e, dans le but expr\u00e8s de r\u00e9pondre aux besoins du Client en ce qui concerne la fourniture des services indiqu\u00e9s par la Soci\u00e9t\u00e9, conform\u00e9ment au droit en vigueur aux Pays-Bas et sous r\u00e9serve de celui-ci. Toute utilisation de la terminologie ci-dessus ou d\u2019autres mots au singulier, au pluriel, avec des majuscules et\/ou \u00ab il\/elle \u00bb ou \u00ab ils\/elles \u00bb est consid\u00e9r\u00e9e comme interchangeable et renvoie donc \u00e0 la m\u00eame chose.    <\/p>\t\t\t\t\t\t\t\t<\/div>\n\t\t\t\t<\/div>\n\t\t\t\t<div class=\"elementor-element elementor-element-3978cd9 elementor-widget elementor-widget-heading\" data-id=\"3978cd9\" data-element_type=\"widget\" data-e-type=\"widget\" data-widget_type=\"heading.default\">\n\t\t\t\t<div class=\"elementor-widget-container\">\n\t\t\t\t\t<h3 class=\"elementor-heading-title elementor-size-default\">Cookies<\/h3>\t\t\t\t<\/div>\n\t\t\t\t<\/div>\n\t\t\t\t<div class=\"elementor-element elementor-element-2ea5b5d elementor-widget elementor-widget-text-editor\" data-id=\"2ea5b5d\" data-element_type=\"widget\" data-e-type=\"widget\" data-widget_type=\"text-editor.default\">\n\t\t\t\t<div class=\"elementor-widget-container\">\n\t\t\t\t\t\t\t\t\t<p>Nous utilisons des cookies. En acc\u00e9dant \u00e0 CEDI, vous acceptez l\u2019utilisation de cookies conform\u00e9ment \u00e0 la Politique de confidentialit\u00e9 de l\u2019Initiative de d\u00e9veloppement \u00e9conomique communautaire entre les Premi\u00e8res Nations et les municipalit\u00e9s (CEDI). <\/p><p>La plupart des sites web interactifs utilisent des cookies afin de nous permettre de r\u00e9cup\u00e9rer les informations de l\u2019utilisateur \u00e0 chaque visite. Les cookies sont utilis\u00e9s par notre site web pour activer certaines fonctionnalit\u00e9s et faciliter la navigation des personnes qui visitent notre site. Certains de nos partenaires affili\u00e9s\/publicitaires peuvent \u00e9galement utiliser des cookies.  <\/p>\t\t\t\t\t\t\t\t<\/div>\n\t\t\t\t<\/div>\n\t\t\t\t<div class=\"elementor-element elementor-element-172b0ce elementor-widget elementor-widget-heading\" data-id=\"172b0ce\" data-element_type=\"widget\" data-e-type=\"widget\" data-widget_type=\"heading.default\">\n\t\t\t\t<div class=\"elementor-widget-container\">\n\t\t\t\t\t<h3 class=\"elementor-heading-title elementor-size-default\">Licence<\/h3>\t\t\t\t<\/div>\n\t\t\t\t<\/div>\n\t\t\t\t<div class=\"elementor-element elementor-element-4319e8c elementor-widget elementor-widget-text-editor\" data-id=\"4319e8c\" data-element_type=\"widget\" data-e-type=\"widget\" data-widget_type=\"text-editor.default\">\n\t\t\t\t<div class=\"elementor-widget-container\">\n\t\t\t\t\t\t\t\t\t<p>Sauf indication contraire, l\u2019Initiative de d\u00e9veloppement \u00e9conomique communautaire entre les Premi\u00e8res Nations et les municipalit\u00e9s (CEDI) et\/ou ses conc\u00e9dants d\u00e9tiennent les droits de propri\u00e9t\u00e9 intellectuelle sur l\u2019ensemble du contenu de CEDI. Tous les droits de propri\u00e9t\u00e9 intellectuelle sont r\u00e9serv\u00e9s. Vous pouvez acc\u00e9der au contenu de CEDI pour votre usage personnel, sous r\u00e9serve des restrictions pr\u00e9vues par les pr\u00e9sentes conditions g\u00e9n\u00e9rales.  <\/p>\n\n<p>Vous ne devez pas :<\/p>\n<ul>\n    <li>Republier du contenu provenant de CEDI<\/li>\n    <li>Vendre, louer ou conc\u00e9der en sous-licence du contenu provenant de CEDI<\/li>\n    <li>Reproduire, dupliquer ou copier du contenu provenant de CEDI<\/li>\n    <li>Redistribuer du contenu provenant de CEDI<\/li>\n<\/ul>\n\n<p>Le pr\u00e9sent accord prend effet \u00e0 la date des pr\u00e9sentes. Nos conditions g\u00e9n\u00e9rales ont \u00e9t\u00e9 cr\u00e9\u00e9es avec l\u2019aide du <a href=\"https:\/\/www.termsfeed.com\/terms-conditions-generator\/\" rel=\"nofollow noopener\" target=\"_blank\">g\u00e9n\u00e9rateur de conditions g\u00e9n\u00e9rales<\/a>. <\/p>\n\n<p>Certaines sections de ce site web offrent aux utilisateurs la possibilit\u00e9 de publier et d\u2019\u00e9changer des opinions et des informations dans des zones sp\u00e9cifiques du site. L\u2019Initiative de d\u00e9veloppement \u00e9conomique communautaire entre les Premi\u00e8res Nations et les municipalit\u00e9s (CEDI) ne filtre pas, ne modifie pas, ne publie pas et ne r\u00e9vise pas les commentaires avant leur mise en ligne sur le site. Les commentaires ne refl\u00e8tent pas les points de vue et opinions de l\u2019Initiative de d\u00e9veloppement \u00e9conomique communautaire entre les Premi\u00e8res Nations et les municipalit\u00e9s (CEDI), de ses agents et\/ou de ses affili\u00e9s. Les commentaires refl\u00e8tent les points de vue et opinions de la personne qui les publie. Dans la mesure permise par les lois applicables, l\u2019Initiative de d\u00e9veloppement \u00e9conomique communautaire entre les Premi\u00e8res Nations et les municipalit\u00e9s (CEDI) ne saurait \u00eatre tenue responsable des commentaires ni de toute responsabilit\u00e9, de tout dommage ou de toute d\u00e9pense caus\u00e9s et\/ou subis du fait de l\u2019utilisation et\/ou de la publication et\/ou de l\u2019apparition des commentaires sur ce site web.    <\/p>\n\n<p>L\u2019Initiative de d\u00e9veloppement \u00e9conomique communautaire entre les Premi\u00e8res Nations et les municipalit\u00e9s (CEDI) se r\u00e9serve le droit de surveiller tous les commentaires et de supprimer tout commentaire pouvant \u00eatre consid\u00e9r\u00e9 comme inappropri\u00e9, offensant ou constituant une violation des pr\u00e9sentes conditions g\u00e9n\u00e9rales.<\/p>\n\n<p>Vous garantissez et d\u00e9clarez que :<\/p>\n\n<ul>\n    <li>Vous \u00eates autoris\u00e9(e) \u00e0 publier les commentaires sur notre site web et disposez de toutes les licences et autorisations n\u00e9cessaires pour le faire ;<\/li>\n    <li>Les commentaires ne portent atteinte \u00e0 aucun droit de propri\u00e9t\u00e9 intellectuelle, y compris, sans s\u2019y limiter, les droits d\u2019auteur, brevets ou marques de commerce d\u2019un tiers ;<\/li>\n    <li>Les commentaires ne contiennent aucun contenu diffamatoire, calomnieux, offensant, ind\u00e9cent ou autrement ill\u00e9gal constituant une atteinte \u00e0 la vie priv\u00e9e<\/li>\n    <li>Les commentaires ne seront pas utilis\u00e9s pour solliciter ou promouvoir des activit\u00e9s commerciales ou une client\u00e8le, ni pour pr\u00e9senter des activit\u00e9s commerciales ou des activit\u00e9s ill\u00e9gales.<\/li>\n<\/ul>\n\n<p>Vous accordez par les pr\u00e9sentes \u00e0 l\u2019Initiative de d\u00e9veloppement \u00e9conomique communautaire entre les Premi\u00e8res Nations et les municipalit\u00e9s (CEDI) une licence non exclusive lui permettant d\u2019utiliser, de reproduire, de modifier et d\u2019autoriser d\u2019autres personnes \u00e0 utiliser, reproduire et modifier tout commentaire que vous publiez, sous toutes formes, tous formats ou tous supports.<\/p>\n\t\t\t\t\t\t\t\t<\/div>\n\t\t\t\t<\/div>\n\t\t\t\t<div class=\"elementor-element elementor-element-a3d0d88 elementor-widget elementor-widget-heading\" data-id=\"a3d0d88\" data-element_type=\"widget\" data-e-type=\"widget\" data-widget_type=\"heading.default\">\n\t\t\t\t<div class=\"elementor-widget-container\">\n\t\t\t\t\t<h3 class=\"elementor-heading-title elementor-size-default\">Cr\u00e9ation de liens hypertextes vers notre contenu<\/h3>\t\t\t\t<\/div>\n\t\t\t\t<\/div>\n\t\t\t\t<div class=\"elementor-element elementor-element-9177acd elementor-widget elementor-widget-text-editor\" data-id=\"9177acd\" data-element_type=\"widget\" data-e-type=\"widget\" data-widget_type=\"text-editor.default\">\n\t\t\t\t<div class=\"elementor-widget-container\">\n\t\t\t\t\t\t\t\t\t<p>Les organisations suivantes peuvent cr\u00e9er un lien vers notre site web sans autorisation \u00e9crite pr\u00e9alable :<\/p>\n\n<ul>\n    <li>Organismes gouvernementaux ;<\/li>\n    <li>Moteurs de recherche ;<\/li>\n    <li>Organisations de presse ;<\/li>\n    <li>Les distributeurs d\u2019annuaires en ligne peuvent cr\u00e9er un lien vers notre site web de la m\u00eame mani\u00e8re qu\u2019ils cr\u00e9ent des liens vers les sites web d\u2019autres entreprises r\u00e9pertori\u00e9es ; et<\/li>\n    <li>Les entreprises accr\u00e9dit\u00e9es \u00e0 l\u2019\u00e9chelle du syst\u00e8me, \u00e0 l\u2019exception des organisations \u00e0 but non lucratif sollicitant des dons, des centres commerciaux caritatifs et des groupes de collecte de fonds caritatifs, qui ne peuvent pas cr\u00e9er de lien vers notre site web.<\/li>\n<\/ul>\n\n<p>Ces organisations peuvent cr\u00e9er un lien vers notre page d\u2019accueil, vers des publications ou vers d\u2019autres informations du site web, \u00e0 condition que le lien : (a) ne soit en aucun cas trompeur ; (b) n\u2019implique pas faussement un parrainage, une approbation ou un aval de la partie qui cr\u00e9e le lien et de ses produits et\/ou services ; et (c) s\u2019inscrive dans le contexte du site de la partie qui cr\u00e9e le lien.   <\/p>\n\n<p>Nous pouvons examiner et approuver d\u2019autres demandes de liens provenant des types d\u2019organisations suivants :<\/p>\n\n<ul>\n    <li>sources d\u2019information grand public et\/ou commerciale g\u00e9n\u00e9ralement connues ;<\/li>\n    <li>sites communautaires dot.com ;<\/li>\n    <li>associations ou autres groupes repr\u00e9sentant des organismes de bienfaisance ;<\/li>\n    <li>distributeurs d\u2019annuaires en ligne ;<\/li>\n    <li>portails Internet ;<\/li>\n    <li>cabinets de comptabilit\u00e9, d\u2019avocats et de conseil ; et<\/li>\n    <li>\u00e9tablissements d\u2019enseignement et associations professionnelles.<\/li>\n<\/ul>\n\n<p>Nous approuverons les demandes de liens provenant de ces organisations si nous d\u00e9cidons que : (a) le lien ne nous ferait pas para\u00eetre d\u00e9favorablement, \u00e0 nous-m\u00eames ou \u00e0 nos entreprises accr\u00e9dit\u00e9es ; (b) l\u2019organisation n\u2019a pas d\u2019ant\u00e9c\u00e9dents n\u00e9gatifs aupr\u00e8s de nous ; (c) l\u2019avantage que nous tirons de la visibilit\u00e9 du lien hypertexte compense l\u2019absence de l\u2019Initiative de d\u00e9veloppement \u00e9conomique communautaire entre les Premi\u00e8res Nations et les municipalit\u00e9s (CEDI) ; et (d) le lien s\u2019inscrit dans le contexte d\u2019informations g\u00e9n\u00e9rales sur des ressources.    <\/p>\n\n<p>Ces organisations peuvent cr\u00e9er un lien vers notre page d\u2019accueil \u00e0 condition que le lien : (a) ne soit en aucun cas trompeur ; (b) n\u2019implique pas faussement un parrainage, une approbation ou un aval de la partie qui cr\u00e9e le lien et de ses produits ou services ; et (c) s\u2019inscrive dans le contexte du site de la partie qui cr\u00e9e le lien.   <\/p>\n\n<p>Si vous faites partie des organisations \u00e9num\u00e9r\u00e9es au paragraphe 2 ci-dessus et souhaitez cr\u00e9er un lien vers notre site web, vous devez nous en informer en envoyant un e-mail \u00e0 l\u2019Initiative de d\u00e9veloppement \u00e9conomique communautaire entre les Premi\u00e8res Nations et les municipalit\u00e9s (CEDI). Veuillez inclure votre nom, le nom de votre organisation, vos coordonn\u00e9es ainsi que l\u2019URL de votre site, une liste des URL \u00e0 partir desquelles vous avez l\u2019intention de cr\u00e9er un lien vers notre site web, et une liste des URL de notre site vers lesquelles vous souhaitez cr\u00e9er un lien. Veuillez pr\u00e9voir un d\u00e9lai de 2 \u00e0 3 semaines pour obtenir une r\u00e9ponse.  <\/p>\n\n<p>Les organisations approuv\u00e9es peuvent cr\u00e9er un lien hypertexte vers notre site web comme suit :<\/p>\n\n<ul>\n    <li>En utilisant notre d\u00e9nomination sociale ; ou<\/li>\n    <li>En utilisant l\u2019URL vers laquelle le lien renvoie ; ou<\/li>\n    <li>En utilisant toute autre description de notre site web vers lequel le lien renvoie, qui ait du sens dans le contexte et le format du contenu du site de la partie qui cr\u00e9e le lien.<\/li>\n<\/ul>\n\n<p>Aucune utilisation du logo de l\u2019Initiative de d\u00e9veloppement \u00e9conomique communautaire entre les Premi\u00e8res Nations et les municipalit\u00e9s (CEDI) ou d\u2019autres \u00e9l\u00e9ments graphiques ne sera autoris\u00e9e pour la cr\u00e9ation de liens, en l\u2019absence d\u2019un accord de licence de marque.<\/p>\n\t\t\t\t\t\t\t\t<\/div>\n\t\t\t\t<\/div>\n\t\t\t\t<div class=\"elementor-element elementor-element-75b6430 elementor-widget elementor-widget-heading\" data-id=\"75b6430\" data-element_type=\"widget\" data-e-type=\"widget\" data-widget_type=\"heading.default\">\n\t\t\t\t<div class=\"elementor-widget-container\">\n\t\t\t\t\t<h3 class=\"elementor-heading-title elementor-size-default\">iFrames<\/h3>\t\t\t\t<\/div>\n\t\t\t\t<\/div>\n\t\t\t\t<div class=\"elementor-element elementor-element-6ef3a07 elementor-widget elementor-widget-text-editor\" data-id=\"6ef3a07\" data-element_type=\"widget\" data-e-type=\"widget\" data-widget_type=\"text-editor.default\">\n\t\t\t\t<div class=\"elementor-widget-container\">\n\t\t\t\t\t\t\t\t\t<p>Sans autorisation pr\u00e9alable et sans permission \u00e9crite, vous ne pouvez pas cr\u00e9er de cadres autour de nos pages web qui modifient, de quelque mani\u00e8re que ce soit, la pr\u00e9sentation visuelle ou l\u2019apparence de notre site web.<\/p>\t\t\t\t\t\t\t\t<\/div>\n\t\t\t\t<\/div>\n\t\t\t\t<div class=\"elementor-element elementor-element-f270e3d elementor-widget elementor-widget-heading\" data-id=\"f270e3d\" data-element_type=\"widget\" data-e-type=\"widget\" data-widget_type=\"heading.default\">\n\t\t\t\t<div class=\"elementor-widget-container\">\n\t\t\t\t\t<h3 class=\"elementor-heading-title elementor-size-default\">Responsabilit\u00e9 relative au contenu<\/h3>\t\t\t\t<\/div>\n\t\t\t\t<\/div>\n\t\t\t\t<div class=\"elementor-element elementor-element-4505da5 elementor-widget elementor-widget-text-editor\" data-id=\"4505da5\" data-element_type=\"widget\" data-e-type=\"widget\" data-widget_type=\"text-editor.default\">\n\t\t\t\t<div class=\"elementor-widget-container\">\n\t\t\t\t\t\t\t\t\t<p>Nous ne saurions \u00eatre tenus responsables de tout contenu apparaissant sur votre site web. Vous acceptez de nous prot\u00e9ger et de nous d\u00e9fendre contre toute r\u00e9clamation d\u00e9coulant de votre site web. Aucun lien ne doit appara\u00eetre sur un site web pouvant \u00eatre interpr\u00e9t\u00e9 comme diffamatoire, obsc\u00e8ne ou criminel, ou qui enfreint, viole autrement, ou encourage l\u2019atteinte ou toute autre violation des droits d\u2019un tiers.  <\/p>\t\t\t\t\t\t\t\t<\/div>\n\t\t\t\t<\/div>\n\t\t\t\t<div class=\"elementor-element elementor-element-589e5c5 elementor-widget elementor-widget-heading\" data-id=\"589e5c5\" data-element_type=\"widget\" data-e-type=\"widget\" data-widget_type=\"heading.default\">\n\t\t\t\t<div class=\"elementor-widget-container\">\n\t\t\t\t\t<h3 class=\"elementor-heading-title elementor-size-default\">Votre confidentialit\u00e9<\/h3>\t\t\t\t<\/div>\n\t\t\t\t<\/div>\n\t\t\t\t<div class=\"elementor-element elementor-element-82c1600 elementor-widget elementor-widget-text-editor\" data-id=\"82c1600\" data-element_type=\"widget\" data-e-type=\"widget\" data-widget_type=\"text-editor.default\">\n\t\t\t\t<div class=\"elementor-widget-container\">\n\t\t\t\t\t\t\t\t\tVeuillez lire la <a href=\"\/proivacy-policy\">Politique de confidentialit\u00e9<\/a>.\t\t\t\t\t\t\t\t<\/div>\n\t\t\t\t<\/div>\n\t\t\t\t<div class=\"elementor-element elementor-element-cf8d4c8 elementor-widget elementor-widget-heading\" data-id=\"cf8d4c8\" data-element_type=\"widget\" data-e-type=\"widget\" data-widget_type=\"heading.default\">\n\t\t\t\t<div class=\"elementor-widget-container\">\n\t\t\t\t\t<h3 class=\"elementor-heading-title elementor-size-default\">R\u00e9serve de droits<\/h3>\t\t\t\t<\/div>\n\t\t\t\t<\/div>\n\t\t\t\t<div class=\"elementor-element elementor-element-9097821 elementor-widget elementor-widget-text-editor\" data-id=\"9097821\" data-element_type=\"widget\" data-e-type=\"widget\" data-widget_type=\"text-editor.default\">\n\t\t\t\t<div class=\"elementor-widget-container\">\n\t\t\t\t\t\t\t\t\tNous nous r\u00e9servons le droit de vous demander de supprimer tous les liens ou tout lien particulier vers notre site web. Vous acceptez de supprimer imm\u00e9diatement tous les liens vers notre site web sur demande. Nous nous r\u00e9servons \u00e9galement le droit de modifier ces conditions g\u00e9n\u00e9rales et sa politique de liens \u00e0 tout moment. En continuant \u00e0 cr\u00e9er des liens vers notre site web, vous acceptez d\u2019\u00eatre li\u00e9(e) par ces conditions relatives aux liens et de les respecter.   \t\t\t\t\t\t\t\t<\/div>\n\t\t\t\t<\/div>\n\t\t\t\t<div class=\"elementor-element elementor-element-75d1e6a elementor-widget elementor-widget-heading\" data-id=\"75d1e6a\" data-element_type=\"widget\" data-e-type=\"widget\" data-widget_type=\"heading.default\">\n\t\t\t\t<div class=\"elementor-widget-container\">\n\t\t\t\t\t<h3 class=\"elementor-heading-title elementor-size-default\">Suppression de liens depuis notre site web<\/h3>\t\t\t\t<\/div>\n\t\t\t\t<\/div>\n\t\t\t\t<div class=\"elementor-element elementor-element-8840928 elementor-widget elementor-widget-text-editor\" data-id=\"8840928\" data-element_type=\"widget\" data-e-type=\"widget\" data-widget_type=\"text-editor.default\">\n\t\t\t\t<div class=\"elementor-widget-container\">\n\t\t\t\t\t\t\t\t\t<p>Si vous trouvez un lien sur notre site web qui est offensant pour quelque raison que ce soit, vous \u00eates libre de nous contacter et de nous en informer \u00e0 tout moment. Nous examinerons les demandes de suppression de liens, mais nous ne sommes pas tenus de le faire ni de vous r\u00e9pondre directement. <\/p>\n\n<p>Nous ne garantissons pas que les informations figurant sur ce site web soient exactes, ni leur exhaustivit\u00e9 ou leur pr\u00e9cision ; nous ne promettons pas non plus de garantir que le site web restera disponible ou que le contenu du site web sera tenu \u00e0 jour.<\/p>\n\t\t\t\t\t\t\t\t<\/div>\n\t\t\t\t<\/div>\n\t\t\t\t<div class=\"elementor-element elementor-element-6a7a061 elementor-widget elementor-widget-heading\" data-id=\"6a7a061\" data-element_type=\"widget\" data-e-type=\"widget\" data-widget_type=\"heading.default\">\n\t\t\t\t<div class=\"elementor-widget-container\">\n\t\t\t\t\t<h3 class=\"elementor-heading-title elementor-size-default\">Avis de non-responsabilit\u00e9<\/h3>\t\t\t\t<\/div>\n\t\t\t\t<\/div>\n\t\t\t\t<div class=\"elementor-element elementor-element-2bd622f elementor-widget elementor-widget-text-editor\" data-id=\"2bd622f\" data-element_type=\"widget\" data-e-type=\"widget\" data-widget_type=\"text-editor.default\">\n\t\t\t\t<div class=\"elementor-widget-container\">\n\t\t\t\t\t\t\t\t\t<p>Dans la mesure maximale permise par la loi applicable, nous excluons toutes d\u00e9clarations, garanties et conditions relatives \u00e0 notre site web et \u00e0 l\u2019utilisation de ce site web. Rien dans le pr\u00e9sent avis de non-responsabilit\u00e9 ne : <\/p>\n\n<ul>\n    <li>limitera ou exclura notre responsabilit\u00e9 ou la v\u00f4tre en cas de d\u00e9c\u00e8s ou de blessure corporelle ;<\/li>\n    <li>limitera ou exclura notre responsabilit\u00e9 ou la v\u00f4tre en cas de fraude ou de fausse d\u00e9claration frauduleuse ;<\/li>\n    <li>limitera l\u2019une quelconque de nos responsabilit\u00e9s ou des v\u00f4tres d\u2019une mani\u00e8re non permise par la loi applicable ; ou<\/li>\n    <li>exclura l\u2019une quelconque de nos responsabilit\u00e9s ou des v\u00f4tres qui ne peut \u00eatre exclue en vertu de la loi applicable.<\/li>\n<\/ul>\n\n<p>Les limitations et interdictions de responsabilit\u00e9 pr\u00e9vues dans la pr\u00e9sente section et ailleurs dans le pr\u00e9sent avis de non-responsabilit\u00e9 : (a) sont soumises au paragraphe pr\u00e9c\u00e9dent ; et (b) r\u00e9gissent toutes les responsabilit\u00e9s d\u00e9coulant de l\u2019avis de non-responsabilit\u00e9, y compris celles d\u00e9coulant d\u2019un contrat, d\u2019un d\u00e9lit civil et d\u2019une violation d\u2019une obligation l\u00e9gale.  <\/p>\n\n<p>Tant que le site web ainsi que les informations et services qui y figurent sont fournis gratuitement, nous ne saurions \u00eatre tenus responsables de toute perte ou de tout dommage, quelle qu\u2019en soit la nature.<\/p>\t\t\t\t\t\t\t\t<\/div>\n\t\t\t\t<\/div>\n\t\t\t\t\t<\/div>\n\t\t<\/div>\n\t\t\t\t\t<\/div>\n\t\t<\/section>\n\t\t\t\t<\/div>\n\t\t","protected":false},"excerpt":{"rendered":"<p>Conditions g\u00e9n\u00e9rales Bienvenue sur CEDI ! Les pr\u00e9sentes conditions g\u00e9n\u00e9rales d\u00e9finissent les r\u00e8gles et r\u00e8glements r\u00e9gissant l\u2019utilisation du site web de l\u2019Initiative de d\u00e9veloppement \u00e9conomique communautaire entre les Premi\u00e8res Nations et les municipalit\u00e9s (CEDI), accessible \u00e0 l\u2019adresse cedipartnerships.ca. En acc\u00e9dant \u00e0 ce site web, nous pr\u00e9sumons que vous acceptez les pr\u00e9sentes conditions g\u00e9n\u00e9rales. Ne continuez [&hellip;]<\/p>\n","protected":false},"author":1,"featured_media":0,"parent":0,"menu_order":0,"comment_status":"closed","ping_status":"closed","template":"elementor_header_footer","meta":{"_acf_changed":false,"inline_featured_image":false,"footnotes":""},"class_list":["post-7671","page","type-page","status-publish","hentry"],"acf":[],"_links":{"self":[{"href":"https:\/\/www.cedipartnerships.ca\/fr\/wp-json\/wp\/v2\/pages\/7671","targetHints":{"allow":["GET"]}}],"collection":[{"href":"https:\/\/www.cedipartnerships.ca\/fr\/wp-json\/wp\/v2\/pages"}],"about":[{"href":"https:\/\/www.cedipartnerships.ca\/fr\/wp-json\/wp\/v2\/types\/page"}],"author":[{"embeddable":true,"href":"https:\/\/www.cedipartnerships.ca\/fr\/wp-json\/wp\/v2\/users\/1"}],"replies":[{"embeddable":true,"href":"https:\/\/www.cedipartnerships.ca\/fr\/wp-json\/wp\/v2\/comments?post=7671"}],"version-history":[{"count":9,"href":"https:\/\/www.cedipartnerships.ca\/fr\/wp-json\/wp\/v2\/pages\/7671\/revisions"}],"predecessor-version":[{"id":13527,"href":"https:\/\/www.cedipartnerships.ca\/fr\/wp-json\/wp\/v2\/pages\/7671\/revisions\/13527"}],"wp:attachment":[{"href":"https:\/\/www.cedipartnerships.ca\/fr\/wp-json\/wp\/v2\/media?parent=7671"}],"curies":[{"name":"wp","href":"https:\/\/api.w.org\/{rel}","templated":true}]}}