{"id":7241,"date":"2022-06-02T20:04:11","date_gmt":"2022-06-03T02:04:11","guid":{"rendered":"http:\/\/cedipartnerships.ca\/?page_id=7241"},"modified":"2026-04-14T09:45:32","modified_gmt":"2026-04-14T15:45:32","slug":"possibilites-emploi","status":"publish","type":"page","link":"https:\/\/www.cedipartnerships.ca\/fr\/contactez-nous\/possibilites-emploi\/","title":{"rendered":"Opportunit\u00e9s d&#8217;emploi"},"content":{"rendered":"\t\t<div data-elementor-type=\"wp-page\" data-elementor-id=\"7241\" class=\"elementor elementor-7241 elementor-4925\" data-elementor-post-type=\"page\">\n\t\t\t\t\t\t<section class=\"elementor-section elementor-top-section elementor-element elementor-element-6744281 elementor-section-height-min-height elementor-section-stretched cl-section page_title elementor-section-boxed elementor-section-height-default elementor-section-items-middle\" data-id=\"6744281\" data-element_type=\"section\" data-e-type=\"section\" data-settings=\"{&quot;stretch_section&quot;:&quot;section-stretched&quot;,&quot;background_background&quot;:&quot;classic&quot;}\">\n\t\t\t\t\t\t\t<div class=\"elementor-background-overlay\"><\/div>\n\t\t\t\t\t\t\t<div class=\"elementor-container elementor-column-gap-default\">\n\t\t\t\t\t<div class=\"elementor-column elementor-col-100 elementor-top-column elementor-element elementor-element-41e7f2b\" data-id=\"41e7f2b\" data-element_type=\"column\" data-e-type=\"column\">\n\t\t\t<div class=\"elementor-widget-wrap elementor-element-populated\">\n\t\t\t\t\t\t<div class=\"elementor-element elementor-element-9c1a85c elementor-widget elementor-widget-heading\" data-id=\"9c1a85c\" data-element_type=\"widget\" data-e-type=\"widget\" data-widget_type=\"heading.default\">\n\t\t\t\t<div class=\"elementor-widget-container\">\n\t\t\t\t\t<h1 class=\"elementor-heading-title elementor-size-default\">Opportunit\u00e9s d'emploi<\/h1>\t\t\t\t<\/div>\n\t\t\t\t<\/div>\n\t\t\t\t\t<\/div>\n\t\t<\/div>\n\t\t\t\t\t<\/div>\n\t\t<\/section>\n\t\t\t\t<section class=\"elementor-section elementor-top-section elementor-element elementor-element-68f9951 elementor-section-stretched cl-section elementor-section-boxed elementor-section-height-default elementor-section-height-default\" data-id=\"68f9951\" data-element_type=\"section\" data-e-type=\"section\" data-settings=\"{&quot;stretch_section&quot;:&quot;section-stretched&quot;,&quot;background_background&quot;:&quot;classic&quot;}\">\n\t\t\t\t\t\t<div class=\"elementor-container elementor-column-gap-default\">\n\t\t\t\t\t<div class=\"elementor-column elementor-col-100 elementor-top-column elementor-element elementor-element-8296d62\" data-id=\"8296d62\" data-element_type=\"column\" data-e-type=\"column\">\n\t\t\t<div class=\"elementor-widget-wrap elementor-element-populated\">\n\t\t\t\t\t\t<section class=\"elementor-section elementor-inner-section elementor-element elementor-element-b818f4a elementor-section-boxed elementor-section-height-default elementor-section-height-default\" data-id=\"b818f4a\" data-element_type=\"section\" data-e-type=\"section\">\n\t\t\t\t\t\t<div class=\"elementor-container elementor-column-gap-default\">\n\t\t\t\t\t<div class=\"elementor-column elementor-col-100 elementor-inner-column elementor-element elementor-element-200a9e3\" data-id=\"200a9e3\" data-element_type=\"column\" data-e-type=\"column\">\n\t\t\t<div class=\"elementor-widget-wrap elementor-element-populated\">\n\t\t\t\t\t\t<div class=\"elementor-element elementor-element-85d3323 elementor-widget elementor-widget-heading\" data-id=\"85d3323\" data-element_type=\"widget\" data-e-type=\"widget\" data-widget_type=\"heading.default\">\n\t\t\t\t<div class=\"elementor-widget-container\">\n\t\t\t\t\t<h2 class=\"elementor-heading-title elementor-size-default\">Opportunit\u00e9s d'emploi actuelles<\/h2>\t\t\t\t<\/div>\n\t\t\t\t<\/div>\n\t\t\t\t<div class=\"elementor-element elementor-element-a5f4431 elementor-widget__width-initial elementor-widget elementor-widget-text-editor\" data-id=\"a5f4431\" data-element_type=\"widget\" data-e-type=\"widget\" data-widget_type=\"text-editor.default\">\n\t\t\t\t<div class=\"elementor-widget-container\">\n\t\t\t\t\t\t\t\t\t<p>Nous n&rsquo;avons aucun poste ouvert pour le moment, mais nous appr\u00e9cions votre int\u00e9r\u00eat \u00e0 travailler avec nous. Veuillez consulter \u00e0 nouveau cette page, car des opportunit\u00e9s pourraient se pr\u00e9senter \u00e0 l&rsquo;avenir. <\/p>\t\t\t\t\t\t\t\t<\/div>\n\t\t\t\t<\/div>\n\t\t\t\t\t<\/div>\n\t\t<\/div>\n\t\t\t\t\t<\/div>\n\t\t<\/section>\n\t\t\t\t\t<\/div>\n\t\t<\/div>\n\t\t\t\t\t<\/div>\n\t\t<\/section>\n\t\t\t\t<\/div>\n\t\t","protected":false},"excerpt":{"rendered":"<p>Opportunit\u00e9s d&#8217;emploi Opportunit\u00e9s d&#8217;emploi actuelles Nous n&rsquo;avons aucun poste ouvert pour le moment, mais nous appr\u00e9cions votre int\u00e9r\u00eat \u00e0 travailler avec nous. Veuillez consulter \u00e0 nouveau cette page, car des opportunit\u00e9s pourraient se pr\u00e9senter \u00e0 l&rsquo;avenir.<\/p>\n","protected":false},"author":1,"featured_media":0,"parent":6188,"menu_order":0,"comment_status":"closed","ping_status":"closed","template":"elementor_header_footer","meta":{"_acf_changed":false,"inline_featured_image":false,"footnotes":""},"class_list":["post-7241","page","type-page","status-publish","hentry"],"acf":[],"_links":{"self":[{"href":"https:\/\/www.cedipartnerships.ca\/fr\/wp-json\/wp\/v2\/pages\/7241","targetHints":{"allow":["GET"]}}],"collection":[{"href":"https:\/\/www.cedipartnerships.ca\/fr\/wp-json\/wp\/v2\/pages"}],"about":[{"href":"https:\/\/www.cedipartnerships.ca\/fr\/wp-json\/wp\/v2\/types\/page"}],"author":[{"embeddable":true,"href":"https:\/\/www.cedipartnerships.ca\/fr\/wp-json\/wp\/v2\/users\/1"}],"replies":[{"embeddable":true,"href":"https:\/\/www.cedipartnerships.ca\/fr\/wp-json\/wp\/v2\/comments?post=7241"}],"version-history":[{"count":39,"href":"https:\/\/www.cedipartnerships.ca\/fr\/wp-json\/wp\/v2\/pages\/7241\/revisions"}],"predecessor-version":[{"id":13656,"href":"https:\/\/www.cedipartnerships.ca\/fr\/wp-json\/wp\/v2\/pages\/7241\/revisions\/13656"}],"up":[{"embeddable":true,"href":"https:\/\/www.cedipartnerships.ca\/fr\/wp-json\/wp\/v2\/pages\/6188"}],"wp:attachment":[{"href":"https:\/\/www.cedipartnerships.ca\/fr\/wp-json\/wp\/v2\/media?parent=7241"}],"curies":[{"name":"wp","href":"https:\/\/api.w.org\/{rel}","templated":true}]}}