{"id":5506,"date":"2022-06-02T11:30:28","date_gmt":"2022-06-02T17:30:28","guid":{"rendered":"http:\/\/cedipartnerships.ca\/?page_id=5506"},"modified":"2026-04-14T09:42:27","modified_gmt":"2026-04-14T15:42:27","slug":"etudes-de-cas","status":"publish","type":"page","link":"https:\/\/www.cedipartnerships.ca\/fr\/outils\/etudes-de-cas\/","title":{"rendered":"\u00c9tudes de cas"},"content":{"rendered":"\t\t<div data-elementor-type=\"wp-page\" data-elementor-id=\"5506\" class=\"elementor elementor-5506 elementor-4367\" data-elementor-post-type=\"page\">\n\t\t\t\t\t\t<section class=\"elementor-section elementor-top-section elementor-element elementor-element-6744281 elementor-section-height-min-height elementor-section-stretched cl-section elementor-section-boxed elementor-section-height-default elementor-section-items-middle\" data-id=\"6744281\" data-element_type=\"section\" data-e-type=\"section\" data-settings=\"{&quot;stretch_section&quot;:&quot;section-stretched&quot;,&quot;background_background&quot;:&quot;classic&quot;}\">\n\t\t\t\t\t\t\t<div class=\"elementor-background-overlay\"><\/div>\n\t\t\t\t\t\t\t<div class=\"elementor-container elementor-column-gap-default\">\n\t\t\t\t\t<div class=\"elementor-column elementor-col-100 elementor-top-column elementor-element elementor-element-41e7f2b\" data-id=\"41e7f2b\" data-element_type=\"column\" data-e-type=\"column\">\n\t\t\t<div class=\"elementor-widget-wrap elementor-element-populated\">\n\t\t\t\t\t\t<div class=\"elementor-element elementor-element-9c1a85c elementor-widget elementor-widget-heading\" data-id=\"9c1a85c\" data-element_type=\"widget\" data-e-type=\"widget\" data-widget_type=\"heading.default\">\n\t\t\t\t<div class=\"elementor-widget-container\">\n\t\t\t\t\t<h1 class=\"elementor-heading-title elementor-size-default\">\u00c9tudes de cas<\/h1>\t\t\t\t<\/div>\n\t\t\t\t<\/div>\n\t\t\t\t\t<\/div>\n\t\t<\/div>\n\t\t\t\t\t<\/div>\n\t\t<\/section>\n\t\t\t\t<section class=\"elementor-section elementor-top-section elementor-element elementor-element-f113929 elementor-section-full_width elementor-section-stretched cl-section elementor-section-height-default elementor-section-height-default\" data-id=\"f113929\" data-element_type=\"section\" data-e-type=\"section\" data-settings=\"{&quot;background_background&quot;:&quot;classic&quot;,&quot;stretch_section&quot;:&quot;section-stretched&quot;}\">\n\t\t\t\t\t\t<div class=\"elementor-container elementor-column-gap-default\">\n\t\t\t\t\t<div class=\"elementor-column elementor-col-100 elementor-top-column elementor-element elementor-element-2e9c2ed\" data-id=\"2e9c2ed\" data-element_type=\"column\" data-e-type=\"column\">\n\t\t\t<div class=\"elementor-widget-wrap elementor-element-populated\">\n\t\t\t\t\t\t<section class=\"elementor-section elementor-inner-section elementor-element elementor-element-d39b514 elementor-section-boxed elementor-section-height-default elementor-section-height-default\" data-id=\"d39b514\" data-element_type=\"section\" data-e-type=\"section\">\n\t\t\t\t\t\t<div class=\"elementor-container elementor-column-gap-custom\">\n\t\t\t\t\t<div class=\"elementor-column elementor-col-100 elementor-inner-column elementor-element elementor-element-0bae614\" data-id=\"0bae614\" data-element_type=\"column\" data-e-type=\"column\">\n\t\t\t<div class=\"elementor-widget-wrap elementor-element-populated\">\n\t\t\t\t\t\t<div class=\"elementor-element elementor-element-d70f059 elementor-widget elementor-widget-text-editor\" data-id=\"d70f059\" data-element_type=\"widget\" data-e-type=\"widget\" data-widget_type=\"text-editor.default\">\n\t\t\t\t<div class=\"elementor-widget-container\">\n\t\t\t\t\t\t\t\t\t<p>Chaque partenariat entre les Premi\u00e8res Nations et les municipalit\u00e9s offre des occasions uniques d\u2019apprendre, d\u2019innover et de travailler ensemble en faveur du d\u00e9veloppement \u00e9conomique conjoint. Suivez les liens ci-dessous pour d\u00e9couvrir comment les partenariats apportent de grands avantages \u00e0 leurs communaut\u00e9s collectives. <\/p>\t\t\t\t\t\t\t\t<\/div>\n\t\t\t\t<\/div>\n\t\t\t\t\t<\/div>\n\t\t<\/div>\n\t\t\t\t\t<\/div>\n\t\t<\/section>\n\t\t\t\t\t<\/div>\n\t\t<\/div>\n\t\t\t\t\t<\/div>\n\t\t<\/section>\n\t\t\t\t<section class=\"elementor-section elementor-top-section elementor-element elementor-element-879af32 elementor-section-stretched cl-section section-padding elementor-section-boxed elementor-section-height-default elementor-section-height-default\" data-id=\"879af32\" data-element_type=\"section\" data-e-type=\"section\" data-settings=\"{&quot;stretch_section&quot;:&quot;section-stretched&quot;,&quot;background_background&quot;:&quot;classic&quot;}\">\n\t\t\t\t\t\t<div class=\"elementor-container elementor-column-gap-default\">\n\t\t\t\t\t<div class=\"elementor-column elementor-col-100 elementor-top-column elementor-element elementor-element-6d54607\" data-id=\"6d54607\" data-element_type=\"column\" data-e-type=\"column\">\n\t\t\t<div class=\"elementor-widget-wrap elementor-element-populated\">\n\t\t\t\t\t\t<div class=\"elementor-element elementor-element-c993ca2 elementor-widget elementor-widget-heading\" data-id=\"c993ca2\" data-element_type=\"widget\" data-e-type=\"widget\" data-widget_type=\"heading.default\">\n\t\t\t\t<div class=\"elementor-widget-container\">\n\t\t\t\t\t<h2 class=\"elementor-heading-title elementor-size-default\">\u00c9tudes de cas<\/h2>\t\t\t\t<\/div>\n\t\t\t\t<\/div>\n\t\t\t\t<div class=\"elementor-element elementor-element-a96195f elementor-grid-1 elementor-posts--thumbnail-top elementor-grid-tablet-2 elementor-grid-mobile-1 elementor-widget elementor-widget-posts\" data-id=\"a96195f\" data-element_type=\"widget\" data-e-type=\"widget\" data-settings=\"{&quot;custom_columns&quot;:&quot;1&quot;,&quot;custom_row_gap&quot;:{&quot;unit&quot;:&quot;px&quot;,&quot;size&quot;:0,&quot;sizes&quot;:[]},&quot;custom_columns_tablet&quot;:&quot;2&quot;,&quot;custom_columns_mobile&quot;:&quot;1&quot;,&quot;custom_row_gap_widescreen&quot;:{&quot;unit&quot;:&quot;px&quot;,&quot;size&quot;:&quot;&quot;,&quot;sizes&quot;:[]},&quot;custom_row_gap_laptop&quot;:{&quot;unit&quot;:&quot;px&quot;,&quot;size&quot;:&quot;&quot;,&quot;sizes&quot;:[]},&quot;custom_row_gap_tablet_extra&quot;:{&quot;unit&quot;:&quot;px&quot;,&quot;size&quot;:&quot;&quot;,&quot;sizes&quot;:[]},&quot;custom_row_gap_tablet&quot;:{&quot;unit&quot;:&quot;px&quot;,&quot;size&quot;:&quot;&quot;,&quot;sizes&quot;:[]},&quot;custom_row_gap_mobile_extra&quot;:{&quot;unit&quot;:&quot;px&quot;,&quot;size&quot;:&quot;&quot;,&quot;sizes&quot;:[]},&quot;custom_row_gap_mobile&quot;:{&quot;unit&quot;:&quot;px&quot;,&quot;size&quot;:&quot;&quot;,&quot;sizes&quot;:[]}}\" data-widget_type=\"posts.custom\">\n\t\t\t\t<div class=\"elementor-widget-container\">\n\t\t\t\t\t      <div class=\"ecs-posts elementor-posts-container elementor-posts   elementor-grid elementor-posts--skin-custom\" data-settings=\"{&quot;current_page&quot;:1,&quot;max_num_pages&quot;:1,&quot;load_method&quot;:&quot;prev_next&quot;,&quot;widget_id&quot;:&quot;a96195f&quot;,&quot;post_id&quot;:5506,&quot;theme_id&quot;:5506,&quot;change_url&quot;:false,&quot;reinit_js&quot;:false}\">\n      \t\t<article id=\"post-5614\" class=\"elementor-post elementor-grid-item ecs-post-loop post-5614 case_studies type-case_studies status-publish has-post-thumbnail hentry\">\n\t\t\t\t<div data-elementor-type=\"loop\" data-elementor-id=\"13528\" class=\"elementor elementor-13528 elementor-3105 elementor-3105 post-5614 case_studies type-case_studies status-publish has-post-thumbnail hentry\" data-elementor-post-type=\"elementor_library\">\n\t\t\t<div class=\"elementor-element elementor-element-7cf64a0 e-flex e-con-boxed e-con e-parent\" data-id=\"7cf64a0\" data-element_type=\"container\" data-e-type=\"container\">\n\t\t\t\t\t<div class=\"e-con-inner\">\n\t\t\t\t<div class=\"elementor-element elementor-element-0a71dce elementor-icon-list--layout-traditional elementor-list-item-link-full_width elementor-widget elementor-widget-icon-list\" data-id=\"0a71dce\" data-element_type=\"widget\" data-e-type=\"widget\" data-widget_type=\"icon-list.default\">\n\t\t\t\t<div class=\"elementor-widget-container\">\n\t\t\t\t\t\t\t<ul class=\"elementor-icon-list-items\">\n\t\t\t\t\t\t\t<li class=\"elementor-icon-list-item\">\n\t\t\t\t\t\t\t\t\t\t\t<a href=\"https:\/\/www.cedipartnerships.ca\/fr\/case_studies\/un-partenariat-du-quebec-developpe-une-strategie-de-tourisme-conjointe\/\">\n\n\t\t\t\t\t\t\t\t\t\t\t\t<span class=\"elementor-icon-list-icon\">\n\t\t\t\t\t\t\t<svg xmlns=\"http:\/\/www.w3.org\/2000\/svg\" xmlns:xlink=\"http:\/\/www.w3.org\/1999\/xlink\" id=\"Layer_1\" x=\"0px\" y=\"0px\" viewBox=\"0 0 612 612\" style=\"enable-background:new 0 0 612 612;\" xml:space=\"preserve\"><style type=\"text\/css\"><\/style><path class=\"chevron\" d=\"M306,10.4C142.7,10.4,10.4,142.7,10.4,306S142.7,601.6,306,601.6S601.6,469.3,601.6,306S469.3,10.4,306,10.4z   M159.8,481.6c-0.3-0.6-0.7-1.2-1-1.8c-10.5-0.3-34.5-23.4-35.3-33.9c-0.6-7.5,2.3-13.3,7.5-18.5c36.7-36.7,73.5-73.4,110-110.5  c12.7-12.9,13.5-9.4-0.1-23.3c-27.9-28.4-56.2-56.3-84.2-84.5c-9.4-9.4-18.7-19-27.9-28.6c-7.5-7.7-7.9-19.4-0.6-27  c6.1-6.3,12.6-12.4,19.3-18c8.8-7.4,18.3-6.8,26.8,1.5c18,17.7,35.7,35.7,53.6,53.5c33.1,32.9,66.2,65.8,99.3,98.7  c9.7,9.7,9.7,22.2-0.1,32C276.5,371.7,226,422.3,175.2,472.5C171,476.7,164.9,478.7,159.8,481.6z M481.8,321.3  C431,371.9,380.2,422.5,329.4,473c-9.7,9.7-19.2,9.8-29.5,0.6c-6-5.4-11.9-11-17.5-16.8c-7.7-8-7.1-18.7,1.4-27.3  c35.7-36,71.5-71.9,107.3-107.9c5-5,9.8-10.3,15.2-16c-3.9-4.2-7.2-8.2-10.9-11.8c-28.1-28.2-56.3-56.2-84.3-84.4  c-9.1-9.1-18-18.3-26.9-27.6c-8.3-8.6-8-21.7,0.5-30c5.6-5.5,11-11.2,17.1-16.2c9.2-7.6,18.6-6.7,27.4,2  c21.5,21.3,42.8,42.7,64.3,64.1c29.4,29.3,58.7,58.5,88.1,87.7C491.7,299.5,491.9,311.3,481.8,321.3z\"><\/path><\/svg>\t\t\t\t\t\t<\/span>\n\t\t\t\t\t\t\t\t\t\t<span class=\"elementor-icon-list-text\">Un Partenariat du Qu\u00e9bec D\u00e9veloppe une Strat\u00e9gie de Tourisme Conjointe<\/span>\n\t\t\t\t\t\t\t\t\t\t\t<\/a>\n\t\t\t\t\t\t\t\t\t<\/li>\n\t\t\t\t\t\t<\/ul>\n\t\t\t\t\t\t<\/div>\n\t\t\t\t<\/div>\n\t\t\t\t\t<\/div>\n\t\t\t\t<\/div>\n\t\t\t\t<\/div>\n\t\t\t\t<\/article>\n\t\t\t\t<\/div>\n\t\t\t\t\t\t<\/div>\n\t\t\t\t<\/div>\n\t\t\t\t\t<\/div>\n\t\t<\/div>\n\t\t\t\t\t<\/div>\n\t\t<\/section>\n\t\t\t\t<\/div>\n\t\t","protected":false},"excerpt":{"rendered":"<p>\u00c9tudes de cas Chaque partenariat entre les Premi\u00e8res Nations et les municipalit\u00e9s offre des occasions uniques d\u2019apprendre, d\u2019innover et de travailler ensemble en faveur du d\u00e9veloppement \u00e9conomique conjoint. Suivez les liens ci-dessous pour d\u00e9couvrir comment les partenariats apportent de grands avantages \u00e0 leurs communaut\u00e9s collectives. \u00c9tudes de cas<\/p>\n","protected":false},"author":1,"featured_media":0,"parent":5137,"menu_order":0,"comment_status":"closed","ping_status":"closed","template":"elementor_header_footer","meta":{"_acf_changed":false,"inline_featured_image":false,"footnotes":""},"class_list":["post-5506","page","type-page","status-publish","hentry"],"acf":[],"_links":{"self":[{"href":"https:\/\/www.cedipartnerships.ca\/fr\/wp-json\/wp\/v2\/pages\/5506","targetHints":{"allow":["GET"]}}],"collection":[{"href":"https:\/\/www.cedipartnerships.ca\/fr\/wp-json\/wp\/v2\/pages"}],"about":[{"href":"https:\/\/www.cedipartnerships.ca\/fr\/wp-json\/wp\/v2\/types\/page"}],"author":[{"embeddable":true,"href":"https:\/\/www.cedipartnerships.ca\/fr\/wp-json\/wp\/v2\/users\/1"}],"replies":[{"embeddable":true,"href":"https:\/\/www.cedipartnerships.ca\/fr\/wp-json\/wp\/v2\/comments?post=5506"}],"version-history":[{"count":55,"href":"https:\/\/www.cedipartnerships.ca\/fr\/wp-json\/wp\/v2\/pages\/5506\/revisions"}],"predecessor-version":[{"id":13606,"href":"https:\/\/www.cedipartnerships.ca\/fr\/wp-json\/wp\/v2\/pages\/5506\/revisions\/13606"}],"up":[{"embeddable":true,"href":"https:\/\/www.cedipartnerships.ca\/fr\/wp-json\/wp\/v2\/pages\/5137"}],"wp:attachment":[{"href":"https:\/\/www.cedipartnerships.ca\/fr\/wp-json\/wp\/v2\/media?parent=5506"}],"curies":[{"name":"wp","href":"https:\/\/api.w.org\/{rel}","templated":true}]}}